{"id":991033,"date":"2023-03-20T06:13:19","date_gmt":"2023-03-20T03:13:19","guid":{"rendered":"https:\/\/www.ponderainsaat.com\/about-us\/"},"modified":"2023-11-30T12:10:49","modified_gmt":"2023-11-30T09:10:49","slug":"hakkimizda","status":"publish","type":"page","link":"https:\/\/www.ponderainsaat.com\/tr\/hakkimizda\/","title":{"rendered":"Hakk\u0131m\u0131zda"},"content":{"rendered":"\t\t<div data-elementor-type=\"wp-page\" data-elementor-id=\"991033\" class=\"elementor elementor-991033 elementor-988691\">\n\t\t\t\t\t\t\t\t\t<section class=\"elementor-section elementor-top-section elementor-element elementor-element-54382d2 elementor-section-boxed elementor-section-height-default elementor-section-height-default\" data-id=\"54382d2\" data-element_type=\"section\" data-settings=\"{&quot;background_background&quot;:&quot;classic&quot;,&quot;_ha_eqh_enable&quot;:false}\">\n\t\t\t\t\t\t<div class=\"elementor-container elementor-column-gap-no\">\n\t\t\t\t\t<div class=\"elementor-column elementor-col-100 elementor-top-column elementor-element elementor-element-80904a1\" data-id=\"80904a1\" data-element_type=\"column\">\n\t\t\t<div class=\"elementor-widget-wrap elementor-element-populated\">\n\t\t\t\t\t\t\t\t\t<\/div>\n\t\t<\/div>\n\t\t\t\t\t\t\t<\/div>\n\t\t<\/section>\n\t\t\t\t<section class=\"elementor-section elementor-top-section elementor-element elementor-element-9747275 elementor-section-boxed elementor-section-height-default elementor-section-height-default\" data-id=\"9747275\" data-element_type=\"section\" data-settings=\"{&quot;background_background&quot;:&quot;gradient&quot;,&quot;_ha_eqh_enable&quot;:false}\">\n\t\t\t\t\t\t<div class=\"elementor-container elementor-column-gap-default\">\n\t\t\t\t\t<div class=\"elementor-column elementor-col-100 elementor-top-column elementor-element elementor-element-264df6c\" data-id=\"264df6c\" data-element_type=\"column\">\n\t\t\t<div class=\"elementor-widget-wrap elementor-element-populated\">\n\t\t\t\t\t\t\t\t<div class=\"elementor-element elementor-element-4416940 elementor-widget elementor-widget-image\" data-id=\"4416940\" data-element_type=\"widget\" data-widget_type=\"image.default\">\n\t\t\t\t<div class=\"elementor-widget-container\">\n\t\t\t<style>\/*! elementor - v3.17.0 - 08-11-2023 *\/\n.elementor-widget-image{text-align:center}.elementor-widget-image a{display:inline-block}.elementor-widget-image a img[src$=\".svg\"]{width:48px}.elementor-widget-image img{vertical-align:middle;display:inline-block}<\/style>\t\t\t\t\t\t\t\t\t\t\t\t<img loading=\"lazy\" decoding=\"async\" width=\"2560\" height=\"853\" src=\"https:\/\/www.ponderainsaat.com\/wp-content\/uploads\/2023\/10\/panorama-view-modern-skyscrapers-construction-new-skyscrapers-scaled.jpg\" class=\"attachment-full size-full wp-image-990936\" alt=\"\" srcset=\"https:\/\/www.ponderainsaat.com\/wp-content\/uploads\/2023\/10\/panorama-view-modern-skyscrapers-construction-new-skyscrapers-scaled.jpg 2560w, https:\/\/www.ponderainsaat.com\/wp-content\/uploads\/2023\/10\/panorama-view-modern-skyscrapers-construction-new-skyscrapers-300x100.jpg 300w, https:\/\/www.ponderainsaat.com\/wp-content\/uploads\/2023\/10\/panorama-view-modern-skyscrapers-construction-new-skyscrapers-1024x341.jpg 1024w, https:\/\/www.ponderainsaat.com\/wp-content\/uploads\/2023\/10\/panorama-view-modern-skyscrapers-construction-new-skyscrapers-768x256.jpg 768w, https:\/\/www.ponderainsaat.com\/wp-content\/uploads\/2023\/10\/panorama-view-modern-skyscrapers-construction-new-skyscrapers-1536x512.jpg 1536w, https:\/\/www.ponderainsaat.com\/wp-content\/uploads\/2023\/10\/panorama-view-modern-skyscrapers-construction-new-skyscrapers-2048x683.jpg 2048w\" sizes=\"auto, (max-width: 2560px) 100vw, 2560px\" \/>\t\t\t\t\t\t\t\t\t\t\t\t\t\t\t<\/div>\n\t\t\t\t<\/div>\n\t\t\t\t\t<\/div>\n\t\t<\/div>\n\t\t\t\t\t\t\t<\/div>\n\t\t<\/section>\n\t\t\t\t<section class=\"elementor-section elementor-top-section elementor-element elementor-element-223e57e elementor-hidden-tablet elementor-hidden-mobile elementor-section-boxed elementor-section-height-default elementor-section-height-default\" data-id=\"223e57e\" data-element_type=\"section\" data-settings=\"{&quot;background_background&quot;:&quot;gradient&quot;,&quot;_ha_eqh_enable&quot;:false}\">\n\t\t\t\t\t\t<div class=\"elementor-container elementor-column-gap-default\">\n\t\t\t\t\t<div class=\"elementor-column elementor-col-50 elementor-top-column elementor-element elementor-element-c3da396\" data-id=\"c3da396\" data-element_type=\"column\">\n\t\t\t<div class=\"elementor-widget-wrap elementor-element-populated\">\n\t\t\t\t\t\t\t\t<div class=\"elementor-element elementor-element-7d2f636 elementor-widget elementor-widget-heading\" data-id=\"7d2f636\" data-element_type=\"widget\" data-widget_type=\"heading.default\">\n\t\t\t\t<div class=\"elementor-widget-container\">\n\t\t\t<style>\/*! elementor - v3.17.0 - 08-11-2023 *\/\n.elementor-heading-title{padding:0;margin:0;line-height:1}.elementor-widget-heading .elementor-heading-title[class*=elementor-size-]>a{color:inherit;font-size:inherit;line-height:inherit}.elementor-widget-heading .elementor-heading-title.elementor-size-small{font-size:15px}.elementor-widget-heading .elementor-heading-title.elementor-size-medium{font-size:19px}.elementor-widget-heading .elementor-heading-title.elementor-size-large{font-size:29px}.elementor-widget-heading .elementor-heading-title.elementor-size-xl{font-size:39px}.elementor-widget-heading .elementor-heading-title.elementor-size-xxl{font-size:59px}<\/style><h2 class=\"elementor-heading-title elementor-size-default\">TAR\u0130H\u00c7E<\/h2>\t\t<\/div>\n\t\t\t\t<\/div>\n\t\t\t\t<div class=\"elementor-element elementor-element-9173637 elementor-widget elementor-widget-heading\" data-id=\"9173637\" data-element_type=\"widget\" data-widget_type=\"heading.default\">\n\t\t\t\t<div class=\"elementor-widget-container\">\n\t\t\t<h3 class=\"elementor-heading-title elementor-size-default\">HAKKIMIZDA<\/h3>\t\t<\/div>\n\t\t\t\t<\/div>\n\t\t\t\t<div class=\"elementor-element elementor-element-a81d393 elementor-widget__width-initial elementor-widget elementor-widget-text-editor\" data-id=\"a81d393\" data-element_type=\"widget\" data-widget_type=\"text-editor.default\">\n\t\t\t\t<div class=\"elementor-widget-container\">\n\t\t\t<style>\/*! elementor - v3.17.0 - 08-11-2023 *\/\n.elementor-widget-text-editor.elementor-drop-cap-view-stacked .elementor-drop-cap{background-color:#69727d;color:#fff}.elementor-widget-text-editor.elementor-drop-cap-view-framed .elementor-drop-cap{color:#69727d;border:3px solid;background-color:transparent}.elementor-widget-text-editor:not(.elementor-drop-cap-view-default) .elementor-drop-cap{margin-top:8px}.elementor-widget-text-editor:not(.elementor-drop-cap-view-default) .elementor-drop-cap-letter{width:1em;height:1em}.elementor-widget-text-editor .elementor-drop-cap{float:left;text-align:center;line-height:1;font-size:50px}.elementor-widget-text-editor .elementor-drop-cap-letter{display:inline-block}<\/style>\t\t\t\t<p>Pondera \u0130n\u015faat ve End\u00fcstri A.\u015e, 2023 y\u0131l\u0131nda \u0130stanbul&#8217;da kurulmu\u015ftur. \u0130n\u015faat ve taahh\u00fct sekt\u00f6r\u00fcnde deneyimli ve dinamik bir uzman ekibin liderli\u011finde kurulan \u015firket, sekt\u00f6rel yenilikleri iyi bir \u015fekilde kavramaktad\u0131r. Pondera, Latince&#8217;de &#8220;denge&#8221; anlam\u0131na gelmektedir. Dolay\u0131s\u0131yla, t\u00fcm payda\u015flar\u0131m\u0131z aras\u0131nda dengeyi korumak bizim i\u00e7in \u00f6nemlidir. \u00d6ncelikli hedefimiz, Sayg\u0131, G\u00fcven ve Etik De\u011ferler \u00fczerine kurulu uzun vadeli ili\u015fkiler in\u015fa etmektir.<\/p>\t\t\t\t\t\t<\/div>\n\t\t\t\t<\/div>\n\t\t\t\t\t<\/div>\n\t\t<\/div>\n\t\t\t\t<div class=\"elementor-column elementor-col-50 elementor-top-column elementor-element elementor-element-eb3d17d\" data-id=\"eb3d17d\" data-element_type=\"column\">\n\t\t\t<div class=\"elementor-widget-wrap elementor-element-populated\">\n\t\t\t\t\t\t\t\t<section class=\"elementor-section elementor-inner-section elementor-element elementor-element-663f370 elementor-section-boxed elementor-section-height-default elementor-section-height-default\" data-id=\"663f370\" data-element_type=\"section\" data-settings=\"{&quot;_ha_eqh_enable&quot;:false}\">\n\t\t\t\t\t\t<div class=\"elementor-container elementor-column-gap-default\">\n\t\t\t\t\t<div class=\"elementor-column elementor-col-100 elementor-inner-column elementor-element elementor-element-6026f4d\" data-id=\"6026f4d\" data-element_type=\"column\">\n\t\t\t<div class=\"elementor-widget-wrap\">\n\t\t\t\t\t\t\t\t\t<\/div>\n\t\t<\/div>\n\t\t\t\t\t\t\t<\/div>\n\t\t<\/section>\n\t\t\t\t\t<\/div>\n\t\t<\/div>\n\t\t\t\t\t\t\t<\/div>\n\t\t<\/section>\n\t\t\t\t<section class=\"elementor-section elementor-top-section elementor-element elementor-element-2875849 elementor-hidden-desktop elementor-section-boxed elementor-section-height-default elementor-section-height-default\" data-id=\"2875849\" data-element_type=\"section\" data-settings=\"{&quot;_ha_eqh_enable&quot;:false}\">\n\t\t\t\t\t\t<div class=\"elementor-container elementor-column-gap-default\">\n\t\t\t\t\t<div class=\"elementor-column elementor-col-100 elementor-top-column elementor-element elementor-element-367b0d5\" data-id=\"367b0d5\" data-element_type=\"column\">\n\t\t\t<div class=\"elementor-widget-wrap elementor-element-populated\">\n\t\t\t\t\t\t\t\t<div class=\"elementor-element elementor-element-4b0be4a elementor-widget elementor-widget-heading\" data-id=\"4b0be4a\" data-element_type=\"widget\" data-widget_type=\"heading.default\">\n\t\t\t\t<div class=\"elementor-widget-container\">\n\t\t\t<h2 class=\"elementor-heading-title elementor-size-default\">COMPANY HISTORY<\/h2>\t\t<\/div>\n\t\t\t\t<\/div>\n\t\t\t\t<div class=\"elementor-element elementor-element-14d934d elementor-widget elementor-widget-heading\" data-id=\"14d934d\" data-element_type=\"widget\" data-widget_type=\"heading.default\">\n\t\t\t\t<div class=\"elementor-widget-container\">\n\t\t\t<h3 class=\"elementor-heading-title elementor-size-default\">ABOUT US<\/h3>\t\t<\/div>\n\t\t\t\t<\/div>\n\t\t\t\t<div class=\"elementor-element elementor-element-8bf57da elementor-widget elementor-widget-text-editor\" data-id=\"8bf57da\" data-element_type=\"widget\" data-widget_type=\"text-editor.default\">\n\t\t\t\t<div class=\"elementor-widget-container\">\n\t\t\t\t\t\t\t<p>Pondera Construction and Industry I.C. was established in Istanbul in 2023 by an experienced and dynamic team of experts in the construction and contracting sector, who have a good command of sectoral innovations. Pondera means \u201cbalance\u201d in Latin. Therefore, it is important for us to maintain the balance between all our stakeholders. Our top priority is to build long term relationships with all our stakeholders based on Respect, Trust and Ethical Values.<\/p>\t\t\t\t\t\t<\/div>\n\t\t\t\t<\/div>\n\t\t\t\t\t<\/div>\n\t\t<\/div>\n\t\t\t\t\t\t\t<\/div>\n\t\t<\/section>\n\t\t\t\t<section class=\"elementor-section elementor-top-section elementor-element elementor-element-7fe837c elementor-section-content-middle elementor-hidden-desktop elementor-hidden-tablet elementor-hidden-mobile elementor-section-boxed elementor-section-height-default elementor-section-height-default\" data-id=\"7fe837c\" data-element_type=\"section\" data-settings=\"{&quot;background_background&quot;:&quot;gradient&quot;,&quot;_ha_eqh_enable&quot;:false}\">\n\t\t\t\t\t\t<div class=\"elementor-container elementor-column-gap-default\">\n\t\t\t\t\t<div class=\"elementor-column elementor-col-50 elementor-top-column elementor-element elementor-element-a40d1c2\" data-id=\"a40d1c2\" data-element_type=\"column\">\n\t\t\t<div class=\"elementor-widget-wrap elementor-element-populated\">\n\t\t\t\t\t\t\t\t<div class=\"elementor-element elementor-element-665df37 elementor-widget elementor-widget-heading\" data-id=\"665df37\" data-element_type=\"widget\" data-widget_type=\"heading.default\">\n\t\t\t\t<div class=\"elementor-widget-container\">\n\t\t\t<h2 class=\"elementor-heading-title elementor-size-default\">CORPORATE STRATEGY<\/h2>\t\t<\/div>\n\t\t\t\t<\/div>\n\t\t\t\t<div class=\"elementor-element elementor-element-201fe32 elementor-widget elementor-widget-heading\" data-id=\"201fe32\" data-element_type=\"widget\" data-widget_type=\"heading.default\">\n\t\t\t\t<div class=\"elementor-widget-container\">\n\t\t\t<h3 class=\"elementor-heading-title elementor-size-default\">MISSION<\/h3>\t\t<\/div>\n\t\t\t\t<\/div>\n\t\t\t\t<div class=\"elementor-element elementor-element-dba5663 elementor-widget elementor-widget-text-editor\" data-id=\"dba5663\" data-element_type=\"widget\" data-widget_type=\"text-editor.default\">\n\t\t\t\t<div class=\"elementor-widget-container\">\n\t\t\t\t\t\t\tOur mission is to build on our reputation for fast reacting,\nforward-thinking, experience and excellence as the key\nconstruction organization by:\n<ul>\n \t<li>Continuously improving the quality of our work and services.<\/li>\n \t<li>Constantly striving to exceed each client&#8217;s expectations.<\/li>\n \t<li>Providing our employees with a challenging, secure, and safe environment in which to achieve personal career goals.<\/li>\n<\/ul>\t\t\t\t\t\t<\/div>\n\t\t\t\t<\/div>\n\t\t\t\t<div class=\"elementor-element elementor-element-aedfb4c elementor-widget elementor-widget-heading\" data-id=\"aedfb4c\" data-element_type=\"widget\" data-widget_type=\"heading.default\">\n\t\t\t\t<div class=\"elementor-widget-container\">\n\t\t\t<h3 class=\"elementor-heading-title elementor-size-default\">VISION<\/h3>\t\t<\/div>\n\t\t\t\t<\/div>\n\t\t\t\t<div class=\"elementor-element elementor-element-eaf60ca elementor-widget elementor-widget-text-editor\" data-id=\"eaf60ca\" data-element_type=\"widget\" data-widget_type=\"text-editor.default\">\n\t\t\t\t<div class=\"elementor-widget-container\">\n\t\t\t\t\t\t\t<p>To be a key and preferred contractor for the construction of industrial facilities all over the world.<\/p>\t\t\t\t\t\t<\/div>\n\t\t\t\t<\/div>\n\t\t\t\t\t<\/div>\n\t\t<\/div>\n\t\t\t\t<div class=\"elementor-column elementor-col-50 elementor-top-column elementor-element elementor-element-d483dad\" data-id=\"d483dad\" data-element_type=\"column\">\n\t\t\t<div class=\"elementor-widget-wrap elementor-element-populated\">\n\t\t\t\t\t\t\t\t<div class=\"elementor-element elementor-element-96c466a elementor-widget elementor-widget-image\" data-id=\"96c466a\" data-element_type=\"widget\" data-widget_type=\"image.default\">\n\t\t\t\t<div class=\"elementor-widget-container\">\n\t\t\t\t\t\t\t\t\t\t\t\t\t\t\t<img loading=\"lazy\" decoding=\"async\" width=\"1068\" height=\"1602\" src=\"https:\/\/www.ponderainsaat.com\/wp-content\/uploads\/2023\/03\/mission.jpg\" class=\"attachment-full size-full wp-image-989069\" alt=\"\" srcset=\"https:\/\/www.ponderainsaat.com\/wp-content\/uploads\/2023\/03\/mission.jpg 1068w, https:\/\/www.ponderainsaat.com\/wp-content\/uploads\/2023\/03\/mission-200x300.jpg 200w, https:\/\/www.ponderainsaat.com\/wp-content\/uploads\/2023\/03\/mission-683x1024.jpg 683w, https:\/\/www.ponderainsaat.com\/wp-content\/uploads\/2023\/03\/mission-768x1152.jpg 768w, https:\/\/www.ponderainsaat.com\/wp-content\/uploads\/2023\/03\/mission-1024x1536.jpg 1024w\" sizes=\"auto, (max-width: 1068px) 100vw, 1068px\" \/>\t\t\t\t\t\t\t\t\t\t\t\t\t\t\t<\/div>\n\t\t\t\t<\/div>\n\t\t\t\t\t<\/div>\n\t\t<\/div>\n\t\t\t\t\t\t\t<\/div>\n\t\t<\/section>\n\t\t\t\t\t\t\t<\/div>\n\t\t","protected":false},"excerpt":{"rendered":"<p>TAR\u0130H\u00c7E HAKKIMIZDA Pondera \u0130n\u015faat ve End\u00fcstri A.\u015e, 2023 y\u0131l\u0131nda \u0130stanbul&#8217;da kurulmu\u015ftur. \u0130n\u015faat ve taahh\u00fct sekt\u00f6r\u00fcnde deneyimli ve dinamik bir uzman ekibin liderli\u011finde kurulan \u015firket, sekt\u00f6rel yenilikleri iyi bir \u015fekilde kavramaktad\u0131r. Pondera, Latince&#8217;de &#8220;denge&#8221; anlam\u0131na gelmektedir. Dolay\u0131s\u0131yla, t\u00fcm payda\u015flar\u0131m\u0131z aras\u0131nda dengeyi korumak bizim i\u00e7in \u00f6nemlidir. \u00d6ncelikli hedefimiz, Sayg\u0131, G\u00fcven ve Etik De\u011ferler \u00fczerine kurulu uzun vadeli&#8230;<\/p>\n","protected":false},"author":1,"featured_media":0,"parent":0,"menu_order":0,"comment_status":"closed","ping_status":"closed","template":"","meta":{"inline_featured_image":false,"footnotes":""},"class_list":["post-991033","page","type-page","status-publish","hentry"],"_links":{"self":[{"href":"https:\/\/www.ponderainsaat.com\/tr\/wp-json\/wp\/v2\/pages\/991033","targetHints":{"allow":["GET"]}}],"collection":[{"href":"https:\/\/www.ponderainsaat.com\/tr\/wp-json\/wp\/v2\/pages"}],"about":[{"href":"https:\/\/www.ponderainsaat.com\/tr\/wp-json\/wp\/v2\/types\/page"}],"author":[{"embeddable":true,"href":"https:\/\/www.ponderainsaat.com\/tr\/wp-json\/wp\/v2\/users\/1"}],"replies":[{"embeddable":true,"href":"https:\/\/www.ponderainsaat.com\/tr\/wp-json\/wp\/v2\/comments?post=991033"}],"version-history":[{"count":4,"href":"https:\/\/www.ponderainsaat.com\/tr\/wp-json\/wp\/v2\/pages\/991033\/revisions"}],"predecessor-version":[{"id":991038,"href":"https:\/\/www.ponderainsaat.com\/tr\/wp-json\/wp\/v2\/pages\/991033\/revisions\/991038"}],"wp:attachment":[{"href":"https:\/\/www.ponderainsaat.com\/tr\/wp-json\/wp\/v2\/media?parent=991033"}],"curies":[{"name":"wp","href":"https:\/\/api.w.org\/{rel}","templated":true}]}}